{"id":1716,"date":"2025-10-28T09:52:10","date_gmt":"2025-10-28T09:52:10","guid":{"rendered":"https:\/\/janexcavacions.com\/?page_id=1716"},"modified":"2026-01-12T08:58:40","modified_gmt":"2026-01-12T08:58:40","slug":"derribos","status":"publish","type":"page","link":"https:\/\/janexcavacions.com\/ca\/derribos\/","title":{"rendered":"Enderrocs"},"content":{"rendered":"<div class=\"wp-block-uagb-container uagb-block-e8x1fsux alignwide uagb-is-root-container\">\n<div class=\"wp-block-uagb-info-box uagb-block-ja0aa4lt uagb-infobox__content-wrap  uagb-infobox-icon-above-title uagb-infobox-image-valign-top\"><div class=\"uagb-ifb-content\"><div class=\"uagb-ifb-title-wrap\"><h1 class=\"uagb-ifb-title\"><strong>Execuci\u00f3 d&#039;enderrocs amb m\u00e0xima seguretat garantida<\/strong><\/h1><\/div><p class=\"uagb-ifb-desc\">Realitzem enderrocs amb planificaci\u00f3 t\u00e8cnica i control a cada fase del projecte. Garantim seguretat, neteja i resultats llestos per avan\u00e7ar sense retards.<\/p><\/div><\/div>\n\n\n\n<div class=\"wp-block-uagb-container uagb-block-vlvkcjzd alignfull uagb-is-root-container\"><div class=\"uagb-container-inner-blocks-wrap\">\n<div class=\"wp-block-uagb-container uagb-block-zgvpuaiz\">\n<div class=\"wp-block-uagb-info-box uagb-block-fougi7qm uagb-infobox__content-wrap  uagb-infobox-icon-left-title uagb-infobox-left uagb-infobox-image-valign-middle\"><div class=\"uagb-ifb-content\"><div class=\"uagb-ifb-left-title-image\"><div class=\"uagb-ifb-title-wrap\"><h2 class=\"uagb-ifb-title\">Demolicions controlades<\/h2><\/div><\/div><p class=\"uagb-ifb-desc\">Realitzem enderrocs parcials i totals amb planificaci\u00f3 pr\u00e8via i control de cada fase. Apliquem mesures de seguretat per garantir un entorn estable i sense imprevistos.<\/p><\/div><\/div>\n\n\n\n<div class=\"wp-block-uagb-info-box uagb-block-dnvapryo uagb-infobox__content-wrap  uagb-infobox-icon-left-title uagb-infobox-left uagb-infobox-image-valign-middle\"><div class=\"uagb-ifb-content\"><div class=\"uagb-ifb-left-title-image\"><div class=\"uagb-ifb-title-wrap\"><h2 class=\"uagb-ifb-title\">Retirada i gesti\u00f3 de runes<\/h2><\/div><\/div><p class=\"uagb-ifb-desc\">Coordinem la c\u00e0rrega, transport i eliminaci\u00f3 de residus amb mitjans propis. Deixem la zona neta i preparada per continuar l\u00b4obra sense retards.<\/p><\/div><\/div>\n\n\n\n<div class=\"wp-block-uagb-info-box uagb-block-pkaq6kez uagb-infobox__content-wrap  uagb-infobox-icon-left-title uagb-infobox-left uagb-infobox-image-valign-middle\"><div class=\"uagb-ifb-content\"><div class=\"uagb-ifb-left-title-image\"><div class=\"uagb-ifb-title-wrap\"><h2 class=\"uagb-ifb-title\">Desmuntatge d&#039;estructures<\/h2><\/div><\/div><p class=\"uagb-ifb-desc\">Executem el desmuntatge de murs, cobertes i elements estructurals sense afectar les \u00e0rees en \u00fas. Utilitzem t\u00e8cniques espec\u00edfiques per minimitzar vibracions i mol\u00e8sties.<\/p><\/div><\/div>\n<\/div>\n\n\n\n<div class=\"wp-block-uagb-image aligncenter uagb-block-fqdi5nf2 wp-block-uagb-image--layout-default wp-block-uagb-image--effect-static wp-block-uagb-image--align-center\"><figure class=\"wp-block-uagb-image__figure\"><img decoding=\"async\" srcset=\"https:\/\/janexcavacions.com\/wp-content\/uploads\/2025\/09\/1-1024x576.png ,https:\/\/janexcavacions.com\/wp-content\/uploads\/2025\/09\/1.png 780w, https:\/\/janexcavacions.com\/wp-content\/uploads\/2025\/09\/1.png 360w\" sizes=\"auto, (max-width: 480px) 150px\" src=\"https:\/\/janexcavacions.com\/wp-content\/uploads\/2025\/09\/1-1024x576.png\" alt=\"\" class=\"uag-image-1064\" width=\"384\" height=\"460\" title=\"1\" loading=\"lazy\" role=\"img\"\/><\/figure><\/div>\n\n\n\n<div class=\"wp-block-uagb-container uagb-block-doipfbot\">\n<div class=\"wp-block-uagb-info-box uagb-block-jdnvjimb uagb-infobox__content-wrap  uagb-infobox-icon-left-title uagb-infobox-left uagb-infobox-image-valign-middle\"><div class=\"uagb-ifb-content\"><div class=\"uagb-ifb-left-title-image\"><div class=\"uagb-ifb-title-wrap\"><h2 class=\"uagb-ifb-title\">Enderrocs en espais redu\u00efts<\/h2><\/div><\/div><p class=\"uagb-ifb-desc\">Intervenim en patis, habitatges i accessos estrets gr\u00e0cies a maquin\u00e0ria compacta i equips especialitzats. Garantim precisi\u00f3 i control en entorns habitats o sensibles.<\/p><\/div><\/div>\n\n\n\n<div class=\"wp-block-uagb-info-box uagb-block-zt5oavrq uagb-infobox__content-wrap  uagb-infobox-icon-left-title uagb-infobox-left uagb-infobox-image-valign-middle\"><div class=\"uagb-ifb-content\"><div class=\"uagb-ifb-left-title-image\"><div class=\"uagb-ifb-title-wrap\"><h2 class=\"uagb-ifb-title\">Demolici\u00f3 de formig\u00f3<\/h2><\/div><\/div><p class=\"uagb-ifb-desc\">Realitzem la demolici\u00f3 de formig\u00f3 en soleres, lloses i paviments amb eines espec\u00edfiques. Assegurem un treball net i preparat per a la fase constructiva seg\u00fcent.<\/p><\/div><\/div>\n\n\n\n<div class=\"wp-block-uagb-info-box uagb-block-zlkul8l4 uagb-infobox__content-wrap  uagb-infobox-icon-left-title uagb-infobox-left uagb-infobox-image-valign-middle\"><div class=\"uagb-ifb-content\"><div class=\"uagb-ifb-left-title-image\"><div class=\"uagb-ifb-title-wrap\"><h2 class=\"uagb-ifb-title\">Preparaci\u00f3 i neteja del terreny<\/h2><\/div><\/div><p class=\"uagb-ifb-desc\">Despr\u00e9s de l&#039;enderrocament, anivellem i adeq\u00fcem el terreny per a nous projectes o replantejaments. Deixem la superf\u00edcie llesta per a fonamentaci\u00f3, farcits o urbanitzaci\u00f3 segons necessitats.<\/p><\/div><\/div>\n<\/div>\n<\/div><\/div>\n<\/div>\n\n\n\n<details class=\"wp-block-details is-layout-flow wp-block-details-is-layout-flow\"><summary><em>Treballem a nombrosos municipis. Entre altres, oferim servei a les seg\u00fcents zones:<\/em><\/summary>\n<p><strong>Baix Pened\u00e8s<\/strong><br>Calafell \u00b7 Segur de Calafell \u00b7 Cunit \u00b7 El Vendrell \u00b7 Coma-ruga \u00b7 Sant Salvador \u00b7 Bellvei \u00b7 L&#039;Arbo\u00e7 \u00b7 La Gornal \u00b7 Sant Jaume dels Domenys \u00b7 Banyeres del Pened\u00e8s \u00b7 Maslloren\u00e7 \u00b7 Albinyana<\/p>\n\n\n\n<p><strong>Tarragon\u00e8s<\/strong><br>Roda de Ber\u00e0 \u00b7 Creixell \u00b7 Torredembarra \u00b7 Altafulla \u00b7 La Pobla de Montorn\u00e8s \u00b7 Salom\u00f3 \u00b7 Tarragona \u00b7 La Riera de Gai\u00e0 \u00b7 El Catllar<\/p>\n\n\n\n<p><strong>Prov\u00edncia de Barcelona<\/strong><br>Barcelona \u00b7 Hospitalet de Llobregat \u00b7 Badalona \u00b7 Santa Coloma de Gramenet \u00b7 Cornell\u00e0 \u00b7 Sant Boi \u00b7 Gav\u00e0 \u00b7 Viladecans \u00b7 Castelldefels \u00b7 El Prat \u00b7 Sant Adri\u00e0 del Bes\u00f2s \u00b7 Esplugues \u00b7 Sant Cugat \u00b7 Cerdanyola \u00b7 Sabadell \u00b7 Terrassa \u00b7 Rub\u00ed \u00b7 Granollers \u00b7 Matar\u00f3 \u00b7 Barber\u00e0 Geltr\u00fa \u00b7 Sitges \u00b7 Cubelles<\/p>\n\n\n\n<p><strong>Resta de Catalunya<\/strong><br>Tarragona \u00b7 Reus \u00b7 Cambrils \u00b7 Salou \u00b7 Vila-seca \u00b7 Valls \u00b7 Montblanc \u00b7 Lleida \u00b7 Balaguer \u00b7 T\u00e0rrega \u00b7 La Seu d&#039;Urgell \u00b7 Girona \u00b7 Figueres \u00b7 Blanes \u00b7 Lloret de Mar \u00b7 Olot \u00b7 Banyoles \u00b7 Ripoll \u00b7 Puigcerd\u00e0<\/p>\n\n\n\n<p><strong>Servei a nivell nacional<\/strong><br>Disponibilitat per a projectes a tot Espanya.&nbsp;<br><em>(Consulteu condicions i disponibilitat)<\/em><\/p>\n<\/details>","protected":false},"excerpt":{"rendered":"","protected":false},"author":1,"featured_media":0,"parent":0,"menu_order":0,"comment_status":"closed","ping_status":"closed","template":"","meta":{"_uag_custom_page_level_css":"","_monsterinsights_skip_tracking":false,"_monsterinsights_sitenote_active":false,"_monsterinsights_sitenote_note":"","_monsterinsights_sitenote_category":0,"site-sidebar-layout":"default","site-content-layout":"","ast-site-content-layout":"default","site-content-style":"default","site-sidebar-style":"default","ast-global-header-display":"","ast-banner-title-visibility":"","ast-main-header-display":"","ast-hfb-above-header-display":"","ast-hfb-below-header-display":"","ast-hfb-mobile-header-display":"","site-post-title":"disabled","ast-breadcrumbs-content":"","ast-featured-img":"","footer-sml-layout":"","ast-disable-related-posts":"","theme-transparent-header-meta":"","adv-header-id-meta":"","stick-header-meta":"","header-above-stick-meta":"","header-main-stick-meta":"","header-below-stick-meta":"","astra-migrate-meta-layouts":"set","ast-page-background-enabled":"default","ast-page-background-meta":{"desktop":{"background-color":"","background-image":"","background-repeat":"repeat","background-position":"center center","background-size":"auto","background-attachment":"scroll","background-type":"","background-media":"","overlay-type":"","overlay-color":"","overlay-opacity":"","overlay-gradient":""},"tablet":{"background-color":"","background-image":"","background-repeat":"repeat","background-position":"center center","background-size":"auto","background-attachment":"scroll","background-type":"","background-media":"","overlay-type":"","overlay-color":"","overlay-opacity":"","overlay-gradient":""},"mobile":{"background-color":"","background-image":"","background-repeat":"repeat","background-position":"center center","background-size":"auto","background-attachment":"scroll","background-type":"","background-media":"","overlay-type":"","overlay-color":"","overlay-opacity":"","overlay-gradient":""}},"ast-content-background-meta":{"desktop":{"background-color":"var(--ast-global-color-5)","background-image":"","background-repeat":"repeat","background-position":"center center","background-size":"auto","background-attachment":"scroll","background-type":"","background-media":"","overlay-type":"","overlay-color":"","overlay-opacity":"","overlay-gradient":""},"tablet":{"background-color":"var(--ast-global-color-5)","background-image":"","background-repeat":"repeat","background-position":"center center","background-size":"auto","background-attachment":"scroll","background-type":"","background-media":"","overlay-type":"","overlay-color":"","overlay-opacity":"","overlay-gradient":""},"mobile":{"background-color":"var(--ast-global-color-5)","background-image":"","background-repeat":"repeat","background-position":"center center","background-size":"auto","background-attachment":"scroll","background-type":"","background-media":"","overlay-type":"","overlay-color":"","overlay-opacity":"","overlay-gradient":""}},"footnotes":""},"class_list":["post-1716","page","type-page","status-publish","hentry"],"uagb_featured_image_src":{"full":false,"thumbnail":false,"medium":false,"medium_large":false,"large":false,"1536x1536":false,"2048x2048":false,"trp-custom-language-flag":false},"uagb_author_info":{"display_name":"borrazraul@gmail.com","author_link":"https:\/\/janexcavacions.com\/ca\/author\/borrazraulgmail-com\/"},"uagb_comment_info":0,"uagb_excerpt":null,"_links":{"self":[{"href":"https:\/\/janexcavacions.com\/ca\/wp-json\/wp\/v2\/pages\/1716","targetHints":{"allow":["GET"]}}],"collection":[{"href":"https:\/\/janexcavacions.com\/ca\/wp-json\/wp\/v2\/pages"}],"about":[{"href":"https:\/\/janexcavacions.com\/ca\/wp-json\/wp\/v2\/types\/page"}],"author":[{"embeddable":true,"href":"https:\/\/janexcavacions.com\/ca\/wp-json\/wp\/v2\/users\/1"}],"replies":[{"embeddable":true,"href":"https:\/\/janexcavacions.com\/ca\/wp-json\/wp\/v2\/comments?post=1716"}],"version-history":[{"count":22,"href":"https:\/\/janexcavacions.com\/ca\/wp-json\/wp\/v2\/pages\/1716\/revisions"}],"predecessor-version":[{"id":2239,"href":"https:\/\/janexcavacions.com\/ca\/wp-json\/wp\/v2\/pages\/1716\/revisions\/2239"}],"wp:attachment":[{"href":"https:\/\/janexcavacions.com\/ca\/wp-json\/wp\/v2\/media?parent=1716"}],"curies":[{"name":"wp","href":"https:\/\/api.w.org\/{rel}","templated":true}]}}