{"id":1725,"date":"2025-10-28T09:54:47","date_gmt":"2025-10-28T09:54:47","guid":{"rendered":"https:\/\/janexcavacions.com\/?page_id=1725"},"modified":"2026-01-12T09:01:29","modified_gmt":"2026-01-12T09:01:29","slug":"camion-grua","status":"publish","type":"page","link":"https:\/\/janexcavacions.com\/ca\/camion-grua\/","title":{"rendered":"Cami\u00f3 grua"},"content":{"rendered":"<div class=\"wp-block-uagb-container uagb-block-ihsxswrf alignfull uagb-is-root-container\"><div class=\"uagb-container-inner-blocks-wrap\">\n<div class=\"wp-block-uagb-image alignleft uagb-block-ctnvitz5 wp-block-uagb-image--layout-default wp-block-uagb-image--effect-static wp-block-uagb-image--align-left\"><figure class=\"wp-block-uagb-image__figure\"><img decoding=\"async\" srcset=\"https:\/\/janexcavacions.com\/wp-content\/uploads\/2025\/09\/Beige-y-Marron-Oscuro-Editorial-Curada-Fotografia-General-Fotografia-Sitio-Web-4-1024x576.png ,https:\/\/janexcavacions.com\/wp-content\/uploads\/2025\/09\/Beige-y-Marron-Oscuro-Editorial-Curada-Fotografia-General-Fotografia-Sitio-Web-4-scaled.png 780w, https:\/\/janexcavacions.com\/wp-content\/uploads\/2025\/09\/Beige-y-Marron-Oscuro-Editorial-Curada-Fotografia-General-Fotografia-Sitio-Web-4-scaled.png 360w\" sizes=\"auto, (max-width: 480px) 150px\" src=\"https:\/\/janexcavacions.com\/wp-content\/uploads\/2025\/09\/Beige-y-Marron-Oscuro-Editorial-Curada-Fotografia-General-Fotografia-Sitio-Web-4-1024x576.png\" alt=\"\" class=\"uag-image-1099\" width=\"564\" height=\"600\" title=\"Cami\u00f3 grua\" loading=\"lazy\" role=\"img\"\/><\/figure><\/div>\n\n\n\n<div class=\"wp-block-uagb-container uagb-block-x6at8rxb\">\n<div class=\"wp-block-uagb-info-box uagb-block-14stri2c uagb-infobox__content-wrap  uagb-infobox-icon-above-title uagb-infobox-image-valign-top wp-block-uagb-info-box--has-margin\"><div class=\"uagb-infobox-margin-wrapper\"><div class=\"uagb-ifb-content\"><div class=\"uagb-ifb-title-wrap\"><h1 class=\"uagb-ifb-title\">Cami\u00f3 grua <\/h1><\/div><\/div><\/div><\/div>\n\n\n\n<div class=\"wp-block-uagb-info-box uagb-block-addlgf6m uagb-infobox__content-wrap  uagb-infobox-icon-left-title uagb-infobox-left uagb-infobox-image-valign-top\"><div class=\"uagb-ifb-content\"><div class=\"uagb-ifb-left-title-image\"><div class=\"uagb-ifb-title-wrap\"><h2 class=\"uagb-ifb-title\">Elevaci\u00f3n y movimiento de materiales<\/h2><\/div><\/div><p class=\"uagb-ifb-desc\">Realizamos carga, descarga y colocaci\u00f3n de materiales en obra con precisi\u00f3n y total seguridad. Trabajamos en espacios urbanos, parcelas y zonas de dif\u00edcil acceso con maniobras controladas.<\/p><div class=\"uagb-ifb-separator\"><\/div><\/div><\/div>\n\n\n\n<div class=\"wp-block-uagb-info-box uagb-block-0hnmlpnd uagb-infobox__content-wrap  uagb-infobox-icon-left-title uagb-infobox-left uagb-infobox-image-valign-top\"><div class=\"uagb-ifb-content\"><div class=\"uagb-ifb-left-title-image\"><div class=\"uagb-ifb-title-wrap\"><h2 class=\"uagb-ifb-title\">Transporte con gr\u00faa integrada<\/h2><\/div><\/div><p class=\"uagb-ifb-desc\">Disponemos de camiones gr\u00faa para traslado y posicionamiento de maquinaria, pallets, estructuras y elementos pesados. Gestionamos todo el proceso para evitar esperas y optimizar tiempos en el proyecto.<\/p><div class=\"uagb-ifb-separator\"><\/div><\/div><\/div>\n\n\n\n<div class=\"wp-block-uagb-info-box uagb-block-dtz7id1x uagb-infobox__content-wrap  uagb-infobox-icon-left-title uagb-infobox-left uagb-infobox-image-valign-top\"><div class=\"uagb-ifb-content\"><div class=\"uagb-ifb-left-title-image\"><div class=\"uagb-ifb-title-wrap\"><h2 class=\"uagb-ifb-title\">Montaje y colocaci\u00f3n en altura<\/h2><\/div><\/div><p class=\"uagb-ifb-desc\">Ejecutamos la instalaci\u00f3n de piezas, vigas, dep\u00f3sitos y elementos constructivos en altura o en puntos de dif\u00edcil alcance. Nuestro equipo coordina cada servicio seg\u00fan las necesidades de obra.<\/p><div class=\"uagb-ifb-separator\"><\/div><\/div><\/div>\n<\/div>\n<\/div><\/div>\n\n\n\n<p><\/p>\n\n\n\n<details class=\"wp-block-details is-layout-flow wp-block-details-is-layout-flow\"><summary><em>Treballem a nombrosos municipis. Entre altres, oferim servei a les seg\u00fcents zones:<\/em><\/summary>\n<p><strong>Baix Pened\u00e8s<\/strong><br>Calafell \u00b7 Segur de Calafell \u00b7 Cunit \u00b7 El Vendrell \u00b7 Coma-ruga \u00b7 Sant Salvador \u00b7 Bellvei \u00b7 L&#039;Arbo\u00e7 \u00b7 La Gornal \u00b7 Sant Jaume dels Domenys \u00b7 Banyeres del Pened\u00e8s \u00b7 Maslloren\u00e7 \u00b7 Albinyana<\/p>\n\n\n\n<p><strong>Tarragon\u00e8s<\/strong><br>Roda de Ber\u00e0 \u00b7 Creixell \u00b7 Torredembarra \u00b7 Altafulla \u00b7 La Pobla de Montorn\u00e8s \u00b7 Salom\u00f3 \u00b7 Tarragona \u00b7 La Riera de Gai\u00e0 \u00b7 El Catllar<\/p>\n\n\n\n<p><strong>Prov\u00edncia de Barcelona<\/strong><br>Barcelona \u00b7 Hospitalet de Llobregat \u00b7 Badalona \u00b7 Santa Coloma de Gramenet \u00b7 Cornell\u00e0 \u00b7 Sant Boi \u00b7 Gav\u00e0 \u00b7 Viladecans \u00b7 Castelldefels \u00b7 El Prat \u00b7 Sant Adri\u00e0 del Bes\u00f2s \u00b7 Esplugues \u00b7 Sant Cugat \u00b7 Cerdanyola \u00b7 Sabadell \u00b7 Terrassa \u00b7 Rub\u00ed \u00b7 Granollers \u00b7 Matar\u00f3 \u00b7 Barber\u00e0 Geltr\u00fa \u00b7 Sitges \u00b7 Cubelles<\/p>\n\n\n\n<p><strong>Resta de Catalunya<\/strong><br>Tarragona \u00b7 Reus \u00b7 Cambrils \u00b7 Salou \u00b7 Vila-seca \u00b7 Valls \u00b7 Montblanc \u00b7 Lleida \u00b7 Balaguer \u00b7 T\u00e0rrega \u00b7 La Seu d&#039;Urgell \u00b7 Girona \u00b7 Figueres \u00b7 Blanes \u00b7 Lloret de Mar \u00b7 Olot \u00b7 Banyoles \u00b7 Ripoll \u00b7 Puigcerd\u00e0<\/p>\n\n\n\n<p><strong>Servei a nivell nacional<\/strong><br>Disponibilitat per a projectes a tot Espanya.&nbsp;<br><em>(Consulteu condicions i disponibilitat)<\/em><\/p>\n<\/details>","protected":false},"excerpt":{"rendered":"","protected":false},"author":1,"featured_media":0,"parent":0,"menu_order":0,"comment_status":"closed","ping_status":"closed","template":"","meta":{"_uag_custom_page_level_css":"","_monsterinsights_skip_tracking":false,"_monsterinsights_sitenote_active":false,"_monsterinsights_sitenote_note":"","_monsterinsights_sitenote_category":0,"site-sidebar-layout":"default","site-content-layout":"","ast-site-content-layout":"default","site-content-style":"default","site-sidebar-style":"default","ast-global-header-display":"","ast-banner-title-visibility":"","ast-main-header-display":"","ast-hfb-above-header-display":"","ast-hfb-below-header-display":"","ast-hfb-mobile-header-display":"","site-post-title":"disabled","ast-breadcrumbs-content":"","ast-featured-img":"","footer-sml-layout":"","ast-disable-related-posts":"","theme-transparent-header-meta":"","adv-header-id-meta":"","stick-header-meta":"","header-above-stick-meta":"","header-main-stick-meta":"","header-below-stick-meta":"","astra-migrate-meta-layouts":"set","ast-page-background-enabled":"default","ast-page-background-meta":{"desktop":{"background-color":"","background-image":"","background-repeat":"repeat","background-position":"center center","background-size":"auto","background-attachment":"scroll","background-type":"","background-media":"","overlay-type":"","overlay-color":"","overlay-opacity":"","overlay-gradient":""},"tablet":{"background-color":"","background-image":"","background-repeat":"repeat","background-position":"center center","background-size":"auto","background-attachment":"scroll","background-type":"","background-media":"","overlay-type":"","overlay-color":"","overlay-opacity":"","overlay-gradient":""},"mobile":{"background-color":"","background-image":"","background-repeat":"repeat","background-position":"center center","background-size":"auto","background-attachment":"scroll","background-type":"","background-media":"","overlay-type":"","overlay-color":"","overlay-opacity":"","overlay-gradient":""}},"ast-content-background-meta":{"desktop":{"background-color":"var(--ast-global-color-5)","background-image":"","background-repeat":"repeat","background-position":"center center","background-size":"auto","background-attachment":"scroll","background-type":"","background-media":"","overlay-type":"","overlay-color":"","overlay-opacity":"","overlay-gradient":""},"tablet":{"background-color":"var(--ast-global-color-5)","background-image":"","background-repeat":"repeat","background-position":"center center","background-size":"auto","background-attachment":"scroll","background-type":"","background-media":"","overlay-type":"","overlay-color":"","overlay-opacity":"","overlay-gradient":""},"mobile":{"background-color":"var(--ast-global-color-5)","background-image":"","background-repeat":"repeat","background-position":"center center","background-size":"auto","background-attachment":"scroll","background-type":"","background-media":"","overlay-type":"","overlay-color":"","overlay-opacity":"","overlay-gradient":""}},"footnotes":""},"class_list":["post-1725","page","type-page","status-publish","hentry"],"uagb_featured_image_src":{"full":false,"thumbnail":false,"medium":false,"medium_large":false,"large":false,"1536x1536":false,"2048x2048":false,"trp-custom-language-flag":false},"uagb_author_info":{"display_name":"borrazraul@gmail.com","author_link":"https:\/\/janexcavacions.com\/ca\/author\/borrazraulgmail-com\/"},"uagb_comment_info":0,"uagb_excerpt":null,"_links":{"self":[{"href":"https:\/\/janexcavacions.com\/ca\/wp-json\/wp\/v2\/pages\/1725","targetHints":{"allow":["GET"]}}],"collection":[{"href":"https:\/\/janexcavacions.com\/ca\/wp-json\/wp\/v2\/pages"}],"about":[{"href":"https:\/\/janexcavacions.com\/ca\/wp-json\/wp\/v2\/types\/page"}],"author":[{"embeddable":true,"href":"https:\/\/janexcavacions.com\/ca\/wp-json\/wp\/v2\/users\/1"}],"replies":[{"embeddable":true,"href":"https:\/\/janexcavacions.com\/ca\/wp-json\/wp\/v2\/comments?post=1725"}],"version-history":[{"count":10,"href":"https:\/\/janexcavacions.com\/ca\/wp-json\/wp\/v2\/pages\/1725\/revisions"}],"predecessor-version":[{"id":2215,"href":"https:\/\/janexcavacions.com\/ca\/wp-json\/wp\/v2\/pages\/1725\/revisions\/2215"}],"wp:attachment":[{"href":"https:\/\/janexcavacions.com\/ca\/wp-json\/wp\/v2\/media?parent=1725"}],"curies":[{"name":"wp","href":"https:\/\/api.w.org\/{rel}","templated":true}]}}