{"id":1740,"date":"2025-10-28T10:44:56","date_gmt":"2025-10-28T10:44:56","guid":{"rendered":"https:\/\/janexcavacions.com\/?page_id=1740"},"modified":"2026-01-12T08:54:15","modified_gmt":"2026-01-12T08:54:15","slug":"maquinaria","status":"publish","type":"page","link":"https:\/\/janexcavacions.com\/ca\/maquinaria\/","title":{"rendered":"Maquin\u00e0ria"},"content":{"rendered":"<div class=\"wp-block-uagb-container uagb-layout-grid uagb-block-rw4qkyr9 alignfull uagb-is-root-container\">\n<div class=\"wp-block-uagb-info-box uagb-block-vdympiir uagb-infobox__content-wrap  uagb-infobox-icon-above-title uagb-infobox-image-valign-top\"><div class=\"uagb-ifb-content\"><div class=\"uagb-ifb-title-wrap\"><h1 class=\"uagb-ifb-title\"><strong>Maquin\u00e0ria d&#039;Excavaci\u00f3 i Obra <\/strong><\/h1><\/div><div class=\"uagb-ifb-desc\">\n<p>A Jan Excavacions i Transports disposem d&#039;una flota de maquin\u00e0ria moderna, fiable i en renovaci\u00f3 constant, preparada per respondre amb precisi\u00f3 en projectes d&#039;excavaci\u00f3, obra civil i moviment de terres. Apostem per equips de primeres marques, seleccionats pel seu rendiment, durabilitat i efici\u00e8ncia a l&#039;obra.<\/p>\n<\/div><\/div><\/div>\n\n\n\n<div class=\"wp-block-uagb-container uagb-block-qlw78iul\">\n<div class=\"wp-block-uagb-container uagb-block-f5n8dsjm\">\n<div class=\"wp-block-uagb-info-box uagb-block-pi9e8jbj uagb-infobox__content-wrap  uagb-infobox-icon-above-title uagb-infobox-image-valign-top\"><div class=\"uagb-ifb-content\"><div class=\"uagb-ifb-title-wrap\"><h2 class=\"uagb-ifb-title\">La nostra flota de maquin\u00e0ria<\/h2><\/div><p class=\"uagb-ifb-desc\">Treballem amb excavadores\u00a0<strong>Liebherr<\/strong>\u00a0y\u00a0<strong>Komatsu<\/strong> y <strong>Jcb<\/strong> entre d&#039;altres, referents en pot\u00e8ncia i fiabilitat.<br><br>Miniexcavadores o miniretres JCB per a espais redu\u00efts<br>Retroexcavadores i girat\u00f2ries equipades amb martell hidr\u00e0ulic.<br>Pales carregadores de gran capacitat.<br>Accessoris com a desbrossadores, ripper, pinces de demolici\u00f3.<\/p><\/div><\/div>\n\n\n\n<div class=\"wp-block-uagb-image aligncenter uagb-block-n557scfc wp-block-uagb-image--layout-default wp-block-uagb-image--effect-static wp-block-uagb-image--align-center alignleft\"><figure class=\"wp-block-uagb-image__figure\"><img decoding=\"async\" srcset=\"https:\/\/janexcavacions.com\/wp-content\/uploads\/2025\/11\/1c98fbd8-a6f9-4d3d-be16-7d232726a1db-1024x769.jpg ,https:\/\/janexcavacions.com\/wp-content\/uploads\/2025\/11\/1c98fbd8-a6f9-4d3d-be16-7d232726a1db.jpg 780w, https:\/\/janexcavacions.com\/wp-content\/uploads\/2025\/11\/1c98fbd8-a6f9-4d3d-be16-7d232726a1db.jpg 360w\" sizes=\"auto, (max-width: 480px) 150px\" src=\"https:\/\/janexcavacions.com\/wp-content\/uploads\/2025\/11\/1c98fbd8-a6f9-4d3d-be16-7d232726a1db-1024x769.jpg\" alt=\"\" class=\"uag-image-1806\" width=\"576\" height=\"400\" title=\"1c98fbd8-a6f9-4d3d-be16-7d232726a1db\" loading=\"lazy\" role=\"img\"\/><\/figure><\/div>\n<\/div>\n\n\n\n<div class=\"wp-block-uagb-container uagb-block-zhnakjdc\">\n<div class=\"wp-block-uagb-info-box uagb-block-gasjippl uagb-infobox__content-wrap  uagb-infobox-icon-above-title uagb-infobox-image-valign-top\"><div class=\"uagb-ifb-content\"><div class=\"uagb-ifb-title-wrap\"><h2 class=\"uagb-ifb-title\">Transport i log\u00edstica <\/h2><\/div><div class=\"uagb-ifb-desc\">\n<p>La nostra flota es complementa amb camions, dumpers i vehicles especialitzats.<br><br>Camions basculants 2 eixos, 3 eixos i cami\u00f3 tr\u00e0iler banyera<br>G\u00f2ndoles per a transport de maquin\u00e0ria<br>Vehicles adaptats a accessos complicats<br>Serveis per a obres de petita i gran escala<\/p>\n<\/div><\/div><\/div>\n\n\n\n<div class=\"wp-block-uagb-image aligncenter uagb-block-gq4nm89x wp-block-uagb-image--layout-default wp-block-uagb-image--effect-static wp-block-uagb-image--align-center alignleft\"><figure class=\"wp-block-uagb-image__figure\"><img decoding=\"async\" srcset=\"https:\/\/janexcavacions.com\/wp-content\/uploads\/2025\/09\/Beige-y-Marron-Oscuro-Editorial-Curada-Fotografia-General-Fotografia-Sitio-Web.png-scaled.png ,https:\/\/janexcavacions.com\/wp-content\/uploads\/2025\/09\/Beige-y-Marron-Oscuro-Editorial-Curada-Fotografia-General-Fotografia-Sitio-Web.png-scaled.png 780w, https:\/\/janexcavacions.com\/wp-content\/uploads\/2025\/09\/Beige-y-Marron-Oscuro-Editorial-Curada-Fotografia-General-Fotografia-Sitio-Web.png-scaled.png 360w\" sizes=\"auto, (max-width: 480px) 150px\" src=\"https:\/\/janexcavacions.com\/wp-content\/uploads\/2025\/09\/Beige-y-Marron-Oscuro-Editorial-Curada-Fotografia-General-Fotografia-Sitio-Web.png-scaled.png\" alt=\"\" class=\"uag-image-1089\" width=\"576\" height=\"400\" title=\"Transports\" loading=\"lazy\" role=\"img\"\/><\/figure><\/div>\n<\/div>\n<\/div>\n<\/div>\n\n\n\n<p><\/p>\n\n\n\n<details class=\"wp-block-details is-layout-flow wp-block-details-is-layout-flow\"><summary><em>Treballem a nombrosos municipis. Entre altres, oferim servei a les seg\u00fcents zones:<\/em><\/summary>\n<p><strong>Baix Pened\u00e8s<\/strong><br>Calafell \u00b7 Segur de Calafell \u00b7 Cunit \u00b7 El Vendrell \u00b7 Coma-ruga \u00b7 Sant Salvador \u00b7 Bellvei \u00b7 L&#039;Arbo\u00e7 \u00b7 La Gornal \u00b7 Sant Jaume dels Domenys \u00b7 Banyeres del Pened\u00e8s \u00b7 Maslloren\u00e7 \u00b7 Albinyana<\/p>\n\n\n\n<p><strong>Tarragon\u00e8s<\/strong><br>Roda de Ber\u00e0 \u00b7 Creixell \u00b7 Torredembarra \u00b7 Altafulla \u00b7 La Pobla de Montorn\u00e8s \u00b7 Salom\u00f3 \u00b7 Tarragona \u00b7 La Riera de Gai\u00e0 \u00b7 El Catllar<\/p>\n\n\n\n<p><strong>Prov\u00edncia de Barcelona<\/strong><br>Barcelona \u00b7 Hospitalet de Llobregat \u00b7 Badalona \u00b7 Santa Coloma de Gramenet \u00b7 Cornell\u00e0 \u00b7 Sant Boi \u00b7 Gav\u00e0 \u00b7 Viladecans \u00b7 Castelldefels \u00b7 El Prat \u00b7 Sant Adri\u00e0 del Bes\u00f2s \u00b7 Esplugues \u00b7 Sant Cugat \u00b7 Cerdanyola \u00b7 Sabadell \u00b7 Terrassa \u00b7 Rub\u00ed \u00b7 Granollers \u00b7 Matar\u00f3 \u00b7 Barber\u00e0 Geltr\u00fa \u00b7 Sitges \u00b7 Cubelles<\/p>\n\n\n\n<p><strong>Resta de Catalunya<\/strong><br>Tarragona \u00b7 Reus \u00b7 Cambrils \u00b7 Salou \u00b7 Vila-seca \u00b7 Valls \u00b7 Montblanc \u00b7 Lleida \u00b7 Balaguer \u00b7 T\u00e0rrega \u00b7 La Seu d&#039;Urgell \u00b7 Girona \u00b7 Figueres \u00b7 Blanes \u00b7 Lloret de Mar \u00b7 Olot \u00b7 Banyoles \u00b7 Ripoll \u00b7 Puigcerd\u00e0<\/p>\n\n\n\n<p><strong>Servei a nivell nacional<\/strong><br>Disponibilitat per a projectes a tot Espanya.&nbsp;<br><em>(Consulteu condicions i disponibilitat)<\/em><\/p>\n<\/details>","protected":false},"excerpt":{"rendered":"","protected":false},"author":1,"featured_media":0,"parent":0,"menu_order":0,"comment_status":"closed","ping_status":"closed","template":"","meta":{"_uag_custom_page_level_css":"","_monsterinsights_skip_tracking":false,"_monsterinsights_sitenote_active":false,"_monsterinsights_sitenote_note":"","_monsterinsights_sitenote_category":0,"site-sidebar-layout":"default","site-content-layout":"","ast-site-content-layout":"default","site-content-style":"default","site-sidebar-style":"default","ast-global-header-display":"","ast-banner-title-visibility":"","ast-main-header-display":"","ast-hfb-above-header-display":"","ast-hfb-below-header-display":"","ast-hfb-mobile-header-display":"","site-post-title":"disabled","ast-breadcrumbs-content":"","ast-featured-img":"","footer-sml-layout":"","ast-disable-related-posts":"","theme-transparent-header-meta":"","adv-header-id-meta":"","stick-header-meta":"","header-above-stick-meta":"","header-main-stick-meta":"","header-below-stick-meta":"","astra-migrate-meta-layouts":"set","ast-page-background-enabled":"default","ast-page-background-meta":{"desktop":{"background-color":"","background-image":"","background-repeat":"repeat","background-position":"center center","background-size":"auto","background-attachment":"scroll","background-type":"","background-media":"","overlay-type":"","overlay-color":"","overlay-opacity":"","overlay-gradient":""},"tablet":{"background-color":"","background-image":"","background-repeat":"repeat","background-position":"center center","background-size":"auto","background-attachment":"scroll","background-type":"","background-media":"","overlay-type":"","overlay-color":"","overlay-opacity":"","overlay-gradient":""},"mobile":{"background-color":"","background-image":"","background-repeat":"repeat","background-position":"center center","background-size":"auto","background-attachment":"scroll","background-type":"","background-media":"","overlay-type":"","overlay-color":"","overlay-opacity":"","overlay-gradient":""}},"ast-content-background-meta":{"desktop":{"background-color":"var(--ast-global-color-5)","background-image":"","background-repeat":"repeat","background-position":"center center","background-size":"auto","background-attachment":"scroll","background-type":"","background-media":"","overlay-type":"","overlay-color":"","overlay-opacity":"","overlay-gradient":""},"tablet":{"background-color":"var(--ast-global-color-5)","background-image":"","background-repeat":"repeat","background-position":"center center","background-size":"auto","background-attachment":"scroll","background-type":"","background-media":"","overlay-type":"","overlay-color":"","overlay-opacity":"","overlay-gradient":""},"mobile":{"background-color":"var(--ast-global-color-5)","background-image":"","background-repeat":"repeat","background-position":"center center","background-size":"auto","background-attachment":"scroll","background-type":"","background-media":"","overlay-type":"","overlay-color":"","overlay-opacity":"","overlay-gradient":""}},"footnotes":""},"class_list":["post-1740","page","type-page","status-publish","hentry"],"uagb_featured_image_src":{"full":false,"thumbnail":false,"medium":false,"medium_large":false,"large":false,"1536x1536":false,"2048x2048":false,"trp-custom-language-flag":false},"uagb_author_info":{"display_name":"borrazraul@gmail.com","author_link":"https:\/\/janexcavacions.com\/ca\/author\/borrazraulgmail-com\/"},"uagb_comment_info":0,"uagb_excerpt":null,"_links":{"self":[{"href":"https:\/\/janexcavacions.com\/ca\/wp-json\/wp\/v2\/pages\/1740","targetHints":{"allow":["GET"]}}],"collection":[{"href":"https:\/\/janexcavacions.com\/ca\/wp-json\/wp\/v2\/pages"}],"about":[{"href":"https:\/\/janexcavacions.com\/ca\/wp-json\/wp\/v2\/types\/page"}],"author":[{"embeddable":true,"href":"https:\/\/janexcavacions.com\/ca\/wp-json\/wp\/v2\/users\/1"}],"replies":[{"embeddable":true,"href":"https:\/\/janexcavacions.com\/ca\/wp-json\/wp\/v2\/comments?post=1740"}],"version-history":[{"count":52,"href":"https:\/\/janexcavacions.com\/ca\/wp-json\/wp\/v2\/pages\/1740\/revisions"}],"predecessor-version":[{"id":2208,"href":"https:\/\/janexcavacions.com\/ca\/wp-json\/wp\/v2\/pages\/1740\/revisions\/2208"}],"wp:attachment":[{"href":"https:\/\/janexcavacions.com\/ca\/wp-json\/wp\/v2\/media?parent=1740"}],"curies":[{"name":"wp","href":"https:\/\/api.w.org\/{rel}","templated":true}]}}