{"id":2087,"date":"2025-12-02T09:19:05","date_gmt":"2025-12-02T09:19:05","guid":{"rendered":"https:\/\/janexcavacions.com\/?page_id=2087"},"modified":"2025-12-02T09:19:22","modified_gmt":"2025-12-02T09:19:22","slug":"mini-retroexcavadora-jcb-1cx","status":"publish","type":"page","link":"https:\/\/janexcavacions.com\/ca\/maquinaria\/mini-retroexcavadora-jcb-1cx\/","title":{"rendered":"mini retroexcavadora jcb 1cx"},"content":{"rendered":"<p>La mini retroexcavadora JCB 1CX, con una capacidad de 600&nbsp;kg, es el modelo m\u00e1s peque\u00f1o del cat\u00e1logo de retrocargadoras de JCB. Ofrece rendimiento y capacidad en \u00e1reas que antes eran inaccesibles.<\/p>\n\n\n\n<p>Puede girar sobre su propio eje para trabajar en espacios reducidos. Cuenta con un enganche r\u00e1pido universal de minicargadora que le permite usar f\u00e1cilmente una amplia variedad de implementos de minicargadora. La transmisi\u00f3n hidrost\u00e1tica servocontrolada permite ir de cero a la velocidad m\u00e1xima a la m\u00e1xima potencia.<\/p>\n\n\n\n<figure class=\"wp-block-image size-full\"><img loading=\"lazy\" decoding=\"async\" width=\"720\" height=\"724\" src=\"https:\/\/janexcavacions.com\/wp-content\/uploads\/2025\/12\/Miniretro_1cx_new.jpg\" alt=\"\" class=\"wp-image-2088\" srcset=\"https:\/\/janexcavacions.com\/wp-content\/uploads\/2025\/12\/Miniretro_1cx_new.jpg 720w, https:\/\/janexcavacions.com\/wp-content\/uploads\/2025\/12\/Miniretro_1cx_new-298x300.jpg 298w, https:\/\/janexcavacions.com\/wp-content\/uploads\/2025\/12\/Miniretro_1cx_new-150x150.jpg 150w\" sizes=\"auto, (max-width: 720px) 100vw, 720px\" \/><\/figure>\n\n\n\n<h2 class=\"wp-block-heading has-medium-font-size\">Capacidad de control<\/h2>\n\n\n\n<p>La mini retroexcavadora JCB 1CX es extremadamente \u00e1gil, gracias a su tama\u00f1o compacto y a unos innovadores controles que facilitan su maniobrabilidad.<\/p>\n\n\n\n<p>Los servomandos hidr\u00e1ulicos reducen los esfuerzos de la palanca al m\u00ednimo. Los mandos de joystick dobles ergon\u00f3micos montados en el asiento se han posicionado \u00f3ptimamente para un uso sencillo. Hay un circuito opcional para herramientas manuales y los botones de control auxiliar montados en el joystick aseguran un sencillo control de los&nbsp;implementos.<\/p>\n\n\n\n<p>Para girar en su propio eje, la mini retroexcavadora JCB 1CX tiene un sistema de transmisi\u00f3n de minicargadora controlado mediante servomandos manuales para conseguir un funcionamiento preciso y sencillo.<\/p>\n\n\n\n<h2 class=\"wp-block-heading has-medium-font-size\">Facilidad de mantenimiento<\/h2>\n\n\n\n<p>El cap\u00f3 de gran apertura permite un acceso excepcional para realizar el mantenimiento y el servicio rutinarios.<\/p>\n\n\n\n<p>En el panel lateral se encuentra el contador de horas y el conjunto de luces de advertencia que incluye una se\u00f1al ac\u00fastica para avisar de fallos de funcionamiento. Se ha incorporado a la mini retroexcavadora JCB 1CX mazos de cables resistentes con conectores sellados para evitar la entrada de agua y polvo. Los conectores cumplen con las normas IP67 (DIN 40 050). Un revestimiento exterior de nylon protege los mazos de cables contra la abrasi\u00f3n y mejora su resistencia a la penetraci\u00f3n del agua.<\/p>\n\n\n\n<h2 class=\"wp-block-heading has-medium-font-size\">Seguridad<\/h2>\n\n\n\n<p>La JCB 1CX es una retrocargadora excepcionalmente segura: un tejadillo ROPS\/FOPS o una cabina totalmente acristalada e insonorizada, luces de trabajo, cintur\u00f3n de seguridad y un kit de protecci\u00f3n ante impactos JCB est\u00e1n disponibles para satisfacer las necesidades de los clientes de todo el mundo.<\/p>","protected":false},"excerpt":{"rendered":"<p>La mini retroexcavadora JCB 1CX, con una capacidad de 600&nbsp;kg, es el modelo m\u00e1s peque\u00f1o del cat\u00e1logo de retrocargadoras de JCB. Ofrece rendimiento y capacidad en \u00e1reas que antes eran inaccesibles. Puede girar sobre su propio eje para trabajar en espacios reducidos. Cuenta con un enganche r\u00e1pido universal de minicargadora que le permite usar f\u00e1cilmente [&hellip;]<\/p>\n","protected":false},"author":1,"featured_media":0,"parent":1740,"menu_order":0,"comment_status":"closed","ping_status":"closed","template":"","meta":{"_uag_custom_page_level_css":"","_monsterinsights_skip_tracking":false,"_monsterinsights_sitenote_active":false,"_monsterinsights_sitenote_note":"","_monsterinsights_sitenote_category":0,"site-sidebar-layout":"default","site-content-layout":"","ast-site-content-layout":"default","site-content-style":"default","site-sidebar-style":"default","ast-global-header-display":"","ast-banner-title-visibility":"","ast-main-header-display":"","ast-hfb-above-header-display":"","ast-hfb-below-header-display":"","ast-hfb-mobile-header-display":"","site-post-title":"","ast-breadcrumbs-content":"","ast-featured-img":"","footer-sml-layout":"","ast-disable-related-posts":"","theme-transparent-header-meta":"","adv-header-id-meta":"","stick-header-meta":"","header-above-stick-meta":"","header-main-stick-meta":"","header-below-stick-meta":"","astra-migrate-meta-layouts":"set","ast-page-background-enabled":"default","ast-page-background-meta":{"desktop":{"background-color":"","background-image":"","background-repeat":"repeat","background-position":"center center","background-size":"auto","background-attachment":"scroll","background-type":"","background-media":"","overlay-type":"","overlay-color":"","overlay-opacity":"","overlay-gradient":""},"tablet":{"background-color":"","background-image":"","background-repeat":"repeat","background-position":"center center","background-size":"auto","background-attachment":"scroll","background-type":"","background-media":"","overlay-type":"","overlay-color":"","overlay-opacity":"","overlay-gradient":""},"mobile":{"background-color":"","background-image":"","background-repeat":"repeat","background-position":"center center","background-size":"auto","background-attachment":"scroll","background-type":"","background-media":"","overlay-type":"","overlay-color":"","overlay-opacity":"","overlay-gradient":""}},"ast-content-background-meta":{"desktop":{"background-color":"var(--ast-global-color-5)","background-image":"","background-repeat":"repeat","background-position":"center center","background-size":"auto","background-attachment":"scroll","background-type":"","background-media":"","overlay-type":"","overlay-color":"","overlay-opacity":"","overlay-gradient":""},"tablet":{"background-color":"var(--ast-global-color-5)","background-image":"","background-repeat":"repeat","background-position":"center center","background-size":"auto","background-attachment":"scroll","background-type":"","background-media":"","overlay-type":"","overlay-color":"","overlay-opacity":"","overlay-gradient":""},"mobile":{"background-color":"var(--ast-global-color-5)","background-image":"","background-repeat":"repeat","background-position":"center center","background-size":"auto","background-attachment":"scroll","background-type":"","background-media":"","overlay-type":"","overlay-color":"","overlay-opacity":"","overlay-gradient":""}},"footnotes":""},"class_list":["post-2087","page","type-page","status-publish","hentry"],"uagb_featured_image_src":{"full":false,"thumbnail":false,"medium":false,"medium_large":false,"large":false,"1536x1536":false,"2048x2048":false,"trp-custom-language-flag":false},"uagb_author_info":{"display_name":"borrazraul@gmail.com","author_link":"https:\/\/janexcavacions.com\/ca\/author\/borrazraulgmail-com\/"},"uagb_comment_info":0,"uagb_excerpt":"La mini retroexcavadora JCB 1CX, con una capacidad de 600&nbsp;kg, es el modelo m\u00e1s peque\u00f1o del cat\u00e1logo de retrocargadoras de JCB. Ofrece rendimiento y capacidad en \u00e1reas que antes eran inaccesibles. Puede girar sobre su propio eje para trabajar en espacios reducidos. Cuenta con un enganche r\u00e1pido universal de minicargadora que le permite usar f\u00e1cilmente&hellip;","_links":{"self":[{"href":"https:\/\/janexcavacions.com\/ca\/wp-json\/wp\/v2\/pages\/2087","targetHints":{"allow":["GET"]}}],"collection":[{"href":"https:\/\/janexcavacions.com\/ca\/wp-json\/wp\/v2\/pages"}],"about":[{"href":"https:\/\/janexcavacions.com\/ca\/wp-json\/wp\/v2\/types\/page"}],"author":[{"embeddable":true,"href":"https:\/\/janexcavacions.com\/ca\/wp-json\/wp\/v2\/users\/1"}],"replies":[{"embeddable":true,"href":"https:\/\/janexcavacions.com\/ca\/wp-json\/wp\/v2\/comments?post=2087"}],"version-history":[{"count":1,"href":"https:\/\/janexcavacions.com\/ca\/wp-json\/wp\/v2\/pages\/2087\/revisions"}],"predecessor-version":[{"id":2089,"href":"https:\/\/janexcavacions.com\/ca\/wp-json\/wp\/v2\/pages\/2087\/revisions\/2089"}],"up":[{"embeddable":true,"href":"https:\/\/janexcavacions.com\/ca\/wp-json\/wp\/v2\/pages\/1740"}],"wp:attachment":[{"href":"https:\/\/janexcavacions.com\/ca\/wp-json\/wp\/v2\/media?parent=2087"}],"curies":[{"name":"wp","href":"https:\/\/api.w.org\/{rel}","templated":true}]}}