{"id":528,"date":"2025-09-03T08:52:19","date_gmt":"2025-09-03T08:52:19","guid":{"rendered":"https:\/\/janexcavacions.com\/about\/"},"modified":"2026-01-12T09:01:56","modified_gmt":"2026-01-12T09:01:56","slug":"about","status":"publish","type":"page","link":"https:\/\/janexcavacions.com\/ca\/about\/","title":{"rendered":"About"},"content":{"rendered":"<div class=\"wp-block-uagb-container uagb-block-00igfi5a alignfull uagb-is-root-container\"><div class=\"uagb-container-inner-blocks-wrap\">\n<div data-aos= \"fade\" data-aos-duration=\"400\" data-aos-delay=\"0\" data-aos-easing=\"ease\" data-aos-once=\"true\" class=\"wp-block-uagb-info-box uagb-block-vchd4zox uagb-infobox__content-wrap  uagb-infobox-icon-above-title uagb-infobox-image-valign-top\"><div class=\"uagb-ifb-content\"><div class=\"uagb-ifb-title-wrap\"><h1 class=\"uagb-ifb-title\"><br>Sobre nosaltres<\/h1><\/div><\/div><\/div>\n<\/div><\/div>\n\n\n\n<div class=\"wp-block-uagb-container uagb-block-5pxutbd2 alignfull uagb-is-root-container\"><div class=\"uagb-container-inner-blocks-wrap\">\n<div class=\"wp-block-uagb-container uagb-block-212frq7t\">\n<div class=\"wp-block-uagb-info-box uagb-block-1y11fsvo uagb-infobox__content-wrap  uagb-infobox-icon-above-title uagb-infobox-image-valign-top\"><div class=\"uagb-ifb-content\"><div class=\"uagb-ifb-title-wrap\"><h1 class=\"uagb-ifb-title\">Qui som?<\/h1><\/div><p class=\"uagb-ifb-desc\">Somos una empresa familiar con una larga trayectoria en el sector de las excavaciones y transportes. Desde nuestros inicios, nos hemos caracterizado por la seriedad, la puntualidad y la confianza que ofrecemos a nuestros clientes.<br>Creemos que cada obra es \u00fanica, por eso acompa\u00f1amos a nuestros clientes en todo el proceso, aportando experiencia, soluciones pr\u00e1cticas y maquinaria de \u00faltima generaci\u00f3n.<\/p><\/div><\/div>\n<\/div>\n\n\n\n<div class=\"wp-block-uagb-container uagb-block-oc12pvzx\">\n<div class=\"wp-block-uagb-image alignleft uagb-block-emuxe8ln wp-block-uagb-image--layout-default wp-block-uagb-image--effect-static wp-block-uagb-image--align-left\"><figure class=\"wp-block-uagb-image__figure\"><img decoding=\"async\" srcset=\"https:\/\/janexcavacions.com\/wp-content\/uploads\/2025\/10\/1e83e4f9-b179-4df4-8a4d-51ee0d1b08b4-768x1024.jpg ,https:\/\/janexcavacions.com\/wp-content\/uploads\/2025\/10\/1e83e4f9-b179-4df4-8a4d-51ee0d1b08b4-scaled.jpg 780w, https:\/\/janexcavacions.com\/wp-content\/uploads\/2025\/10\/1e83e4f9-b179-4df4-8a4d-51ee0d1b08b4-scaled.jpg 360w\" sizes=\"auto, (max-width: 480px) 150px\" src=\"https:\/\/janexcavacions.com\/wp-content\/uploads\/2025\/10\/1e83e4f9-b179-4df4-8a4d-51ee0d1b08b4-768x1024.jpg\" alt=\"\" class=\"uag-image-1500\" width=\"270\" height=\"360\" title=\"1e83e4f9-b179-4df4-8a4d-51ee0d1b08b4\" loading=\"lazy\" role=\"img\"\/><\/figure><\/div>\n\n\n\n<div class=\"wp-block-uagb-image alignleft uagb-block-gcfd6dxt wp-block-uagb-image--layout-default wp-block-uagb-image--effect-static wp-block-uagb-image--align-left\"><figure class=\"wp-block-uagb-image__figure\"><img decoding=\"async\" srcset=\"https:\/\/janexcavacions.com\/wp-content\/uploads\/2025\/10\/40dd6a01-9710-4d33-b8df-33b6b858f3d2-2-1024x771.jpg ,https:\/\/janexcavacions.com\/wp-content\/uploads\/2025\/10\/40dd6a01-9710-4d33-b8df-33b6b858f3d2-2.jpg 780w, https:\/\/janexcavacions.com\/wp-content\/uploads\/2025\/10\/40dd6a01-9710-4d33-b8df-33b6b858f3d2-2.jpg 360w\" sizes=\"auto, (max-width: 480px) 150px\" src=\"https:\/\/janexcavacions.com\/wp-content\/uploads\/2025\/10\/40dd6a01-9710-4d33-b8df-33b6b858f3d2-2-1024x771.jpg\" alt=\"\" class=\"uag-image-1485\" width=\"270\" height=\"360\" title=\"40dd6a01-9710-4d33-b8df-33b6b858f3d2\" loading=\"lazy\" role=\"img\"\/><\/figure><\/div>\n<\/div>\n<\/div><\/div>\n\n\n\n<div class=\"wp-block-uagb-container uagb-block-bc3a53aa alignfull uagb-is-root-container\"><div class=\"uagb-container-inner-blocks-wrap\">\n<div class=\"wp-block-uagb-counter uagb-block-8b944355 wp-block-uagb-counter--number\"><div class=\"wp-block-uagb-counter__number\"><span class=\"uagb-counter-block-number\" data-duration=\"1.5\" data-to-value=\"21\" data-from-value=\"0\" data-delimiter=\",\"><\/span><\/div><div class=\"wp-block-uagb-counter__title\">A\u00f1os de experiencia<\/div><\/div>\n\n\n\n<div class=\"wp-block-uagb-counter uagb-block-3545bacc wp-block-uagb-counter--number\"><div class=\"wp-block-uagb-counter__number\"><span class=\"uagb-counter-block-number\" data-duration=\"1.5\" data-to-value=\"5000\" data-from-value=\"0\" data-delimiter=\",\"><\/span><span class=\"uagb-counter-block-suffix\">+<\/span><\/div><div class=\"wp-block-uagb-counter__title\">Clientes satisfechos<\/div><\/div>\n\n\n\n<div class=\"wp-block-uagb-counter uagb-block-b059a600 wp-block-uagb-counter--number\"><div class=\"wp-block-uagb-counter__number\"><span class=\"uagb-counter-block-number\" data-duration=\"1.5\" data-to-value=\"25\" data-from-value=\"0\" data-delimiter=\",\"><\/span><\/div><div class=\"wp-block-uagb-counter__title\">Trabajadores profesionales<\/div><\/div>\n<\/div><\/div>\n\n\n\n<div class=\"wp-block-uagb-separator uagb-block-3d770dfb\"><div class=\"uagb-separator-spacing-wrapper\"><div class=\"wp-block-uagb-separator__inner\" style=\"--my-background-image:\"><\/div><\/div><\/div>","protected":false},"excerpt":{"rendered":"","protected":false},"author":1,"featured_media":0,"parent":0,"menu_order":0,"comment_status":"closed","ping_status":"closed","template":"","meta":{"_uag_custom_page_level_css":"","_monsterinsights_skip_tracking":false,"_monsterinsights_sitenote_active":false,"_monsterinsights_sitenote_note":"","_monsterinsights_sitenote_category":0,"site-sidebar-layout":"no-sidebar","site-content-layout":"plain-container","ast-site-content-layout":"normal-width-container","site-content-style":"unboxed","site-sidebar-style":"unboxed","ast-global-header-display":"","ast-banner-title-visibility":"","ast-main-header-display":"","ast-hfb-above-header-display":"","ast-hfb-below-header-display":"","ast-hfb-mobile-header-display":"","site-post-title":"disabled","ast-breadcrumbs-content":"disabled","ast-featured-img":"disabled","footer-sml-layout":"","ast-disable-related-posts":"","theme-transparent-header-meta":"enabled","adv-header-id-meta":"","stick-header-meta":"","header-above-stick-meta":"","header-main-stick-meta":"","header-below-stick-meta":"","astra-migrate-meta-layouts":"set","ast-page-background-enabled":"default","ast-page-background-meta":{"desktop":{"background-color":"","background-image":"","background-repeat":"repeat","background-position":"center center","background-size":"auto","background-attachment":"scroll","background-type":"","background-media":"","overlay-type":"","overlay-color":"","overlay-opacity":"","overlay-gradient":""},"tablet":{"background-color":"","background-image":"","background-repeat":"repeat","background-position":"center center","background-size":"auto","background-attachment":"scroll","background-type":"","background-media":"","overlay-type":"","overlay-color":"","overlay-opacity":"","overlay-gradient":""},"mobile":{"background-color":"","background-image":"","background-repeat":"repeat","background-position":"center center","background-size":"auto","background-attachment":"scroll","background-type":"","background-media":"","overlay-type":"","overlay-color":"","overlay-opacity":"","overlay-gradient":""}},"ast-content-background-meta":{"desktop":{"background-color":"var(--ast-global-color-5)","background-image":"","background-repeat":"repeat","background-position":"center center","background-size":"auto","background-attachment":"scroll","background-type":"","background-media":"","overlay-type":"","overlay-color":"","overlay-opacity":"","overlay-gradient":""},"tablet":{"background-color":"var(--ast-global-color-5)","background-image":"","background-repeat":"repeat","background-position":"center center","background-size":"auto","background-attachment":"scroll","background-type":"","background-media":"","overlay-type":"","overlay-color":"","overlay-opacity":"","overlay-gradient":""},"mobile":{"background-color":"var(--ast-global-color-5)","background-image":"","background-repeat":"repeat","background-position":"center center","background-size":"auto","background-attachment":"scroll","background-type":"","background-media":"","overlay-type":"","overlay-color":"","overlay-opacity":"","overlay-gradient":""}},"footnotes":""},"class_list":["post-528","page","type-page","status-publish","hentry"],"uagb_featured_image_src":{"full":false,"thumbnail":false,"medium":false,"medium_large":false,"large":false,"1536x1536":false,"2048x2048":false,"trp-custom-language-flag":false},"uagb_author_info":{"display_name":"borrazraul@gmail.com","author_link":"https:\/\/janexcavacions.com\/ca\/author\/borrazraulgmail-com\/"},"uagb_comment_info":0,"uagb_excerpt":null,"_links":{"self":[{"href":"https:\/\/janexcavacions.com\/ca\/wp-json\/wp\/v2\/pages\/528","targetHints":{"allow":["GET"]}}],"collection":[{"href":"https:\/\/janexcavacions.com\/ca\/wp-json\/wp\/v2\/pages"}],"about":[{"href":"https:\/\/janexcavacions.com\/ca\/wp-json\/wp\/v2\/types\/page"}],"author":[{"embeddable":true,"href":"https:\/\/janexcavacions.com\/ca\/wp-json\/wp\/v2\/users\/1"}],"replies":[{"embeddable":true,"href":"https:\/\/janexcavacions.com\/ca\/wp-json\/wp\/v2\/comments?post=528"}],"version-history":[{"count":33,"href":"https:\/\/janexcavacions.com\/ca\/wp-json\/wp\/v2\/pages\/528\/revisions"}],"predecessor-version":[{"id":1644,"href":"https:\/\/janexcavacions.com\/ca\/wp-json\/wp\/v2\/pages\/528\/revisions\/1644"}],"wp:attachment":[{"href":"https:\/\/janexcavacions.com\/ca\/wp-json\/wp\/v2\/media?parent=528"}],"curies":[{"name":"wp","href":"https:\/\/api.w.org\/{rel}","templated":true}]}}